{"id":123,"date":"2024-09-19T15:41:20","date_gmt":"2024-09-19T13:41:20","guid":{"rendered":"https:\/\/www.lesfouleesducndp.be\/?page_id=123"},"modified":"2026-04-20T10:02:04","modified_gmt":"2026-04-20T08:02:04","slug":"nos-partenaires","status":"publish","type":"page","link":"https:\/\/www.lesfouleesducndp.be\/index.php\/nos-partenaires\/","title":{"rendered":"Nos partenaires"},"content":{"rendered":"\n<h4 class=\"wp-block-heading\">Nos partenaires<\/h4>\n\n\n\n<p>Nous sommes heureux de pouvoir compter sur le soutien des entreprises reprises ci-dessous. Encore merci de leur confiance et de leur support, pr\u00e9cieux pour nous aider \u00e0 l&#8217;organisation de cette premi\u00e8re \u00e9dition!<\/p>\n\n\n\n\n\n\n\n\n\n\n\n\n\n\n\n\n","protected":false},"excerpt":{"rendered":"<p>Nos partenaires Nous sommes heureux de pouvoir compter sur le soutien des entreprises reprises ci-dessous. Encore merci de leur confiance et de leur support, pr\u00e9cieux pour nous aider \u00e0 l&#8217;organisation de cette premi\u00e8re \u00e9dition!<\/p>\n","protected":false},"author":1,"featured_media":0,"parent":0,"menu_order":0,"comment_status":"closed","ping_status":"closed","template":"","meta":{"saved_in_kubio":true,"footnotes":""},"class_list":["post-123","page","type-page","status-publish","hentry"],"kubio_ai_page_context":{"short_desc":"","purpose":"general"},"_links":{"self":[{"href":"https:\/\/www.lesfouleesducndp.be\/index.php\/wp-json\/wp\/v2\/pages\/123","targetHints":{"allow":["GET"]}}],"collection":[{"href":"https:\/\/www.lesfouleesducndp.be\/index.php\/wp-json\/wp\/v2\/pages"}],"about":[{"href":"https:\/\/www.lesfouleesducndp.be\/index.php\/wp-json\/wp\/v2\/types\/page"}],"author":[{"embeddable":true,"href":"https:\/\/www.lesfouleesducndp.be\/index.php\/wp-json\/wp\/v2\/users\/1"}],"replies":[{"embeddable":true,"href":"https:\/\/www.lesfouleesducndp.be\/index.php\/wp-json\/wp\/v2\/comments?post=123"}],"version-history":[{"count":39,"href":"https:\/\/www.lesfouleesducndp.be\/index.php\/wp-json\/wp\/v2\/pages\/123\/revisions"}],"predecessor-version":[{"id":578,"href":"https:\/\/www.lesfouleesducndp.be\/index.php\/wp-json\/wp\/v2\/pages\/123\/revisions\/578"}],"wp:attachment":[{"href":"https:\/\/www.lesfouleesducndp.be\/index.php\/wp-json\/wp\/v2\/media?parent=123"}],"curies":[{"name":"wp","href":"https:\/\/api.w.org\/{rel}","templated":true}]}}