{"id":319,"date":"2025-02-10T08:17:50","date_gmt":"2025-02-10T07:17:50","guid":{"rendered":"https:\/\/www.lesfouleesducndp.be\/?page_id=319"},"modified":"2026-05-04T10:51:02","modified_gmt":"2026-05-04T08:51:02","slug":"parcours","status":"publish","type":"page","link":"https:\/\/www.lesfouleesducndp.be\/index.php\/parcours\/","title":{"rendered":"Parcours"},"content":{"rendered":"\n<p><strong>Description du parcours<\/strong> <strong>&#8211; Mise \u00e0 jour 4 mai 2026<\/strong><\/p>\n\n\n\n<p>\ud83c\udfc3\u200d\u2640\ufe0f\ud83c\udfc3\u200d\u2642\ufe0f Petit impr\u00e9vu \u00e0 quelques jours du d\u00e9part !<\/p>\n\n\n\n<p>Nous avons appris il y a quelques jours que la Ville de Namur a malencontreusement autoris\u00e9 une marche Adeps le m\u00eame dimanche 17 mai, sur une partie de notre trac\u00e9. Une erreur d&#8217;agenda c\u00f4t\u00e9 administratif \u2013 ces choses arrivent !<\/p>\n\n\n\n<p>Le trac\u00e9 a \u00e9t\u00e9 modifi\u00e9 pour limiter au maximum les zones communes. Deux tron\u00e7ons assez larges d&#8217;environ 150 m\u00e8tres seront partag\u00e9s avec la marche Adeps et seront parcourus dans le m\u00eame sens. Ces sections seront clairement identifi\u00e9es par un marquage au sol, et compte tenu des horaires, nous estimons que le nombre de marcheurs sera tr\u00e8s limit\u00e9 \u00e0 cette heure-l\u00e0.<\/p>\n\n\n\n<p>Nous remercions les participantes et participants pour leur compr\u00e9hension.<\/p>\n\n\n\n<p>Le parcours sera donc couru cette ann\u00e9e dans le sens inverse, et les zones communes sont indiqu\u00e9es en vert.<\/p>\n\n\n\n\n\n<p><strong>La description ci-dessous reprend le parcous initialement, pr\u00e9vu. C&#8217;est le parcours qui sera propos\u00e9 en 2027.<\/strong><\/p>\n\n\n\n<p>Il s\u2019agit d\u2019une boucle de 5km qui d\u00e9marre du Coll\u00e8ge et entre rapidement dans le bois br\u00fbl\u00e9. Il s&#8217;agit donc bien d&#8217;un parcours principalement bois\u00e9, sur sentiers, en mode trail mais avec un d\u00e9nivel\u00e9 assez faible (environ 100m).<\/p>\n\n\n\n<p>Dans la premi\u00e8re partie du bois, on descend un agr\u00e9able sentier vers Dave sans sortir du bois. Ensuite une zone ludique s\u2019offre au coureur, suivie d\u2019une remont\u00e9e en pente douce vers les campagnes bordant les jardins du quartier.<\/p>\n\n\n\n<p>Un d\u00e9licieux ravitaillement vous attendra \u00e0 l\u2019arriv\u00e9e.<\/p>\n\n\n\n<figure class=\"wp-block-image size-full\"><img loading=\"lazy\" decoding=\"async\" width=\"989\" height=\"725\" src=\"https:\/\/www.lesfouleesducndp.be\/wp-content\/uploads\/2026\/04\/parcours2026.png\" alt=\"\" class=\"wp-image-559\" srcset=\"https:\/\/www.lesfouleesducndp.be\/wp-content\/uploads\/2026\/04\/parcours2026.png 989w, https:\/\/www.lesfouleesducndp.be\/wp-content\/uploads\/2026\/04\/parcours2026-300x220.png 300w, https:\/\/www.lesfouleesducndp.be\/wp-content\/uploads\/2026\/04\/parcours2026-768x563.png 768w\" sizes=\"(max-width: 989px) 100vw, 989px\" \/><\/figure>\n","protected":false},"excerpt":{"rendered":"<p>Description du parcours &#8211; Mise \u00e0 jour 4 mai 2026 \ud83c\udfc3\u200d\u2640\ufe0f\ud83c\udfc3\u200d\u2642\ufe0f Petit impr\u00e9vu \u00e0 quelques jours du d\u00e9part ! Nous avons appris il y a quelques jours que la Ville de Namur a malencontreusement autoris\u00e9 une marche Adeps le m\u00eame dimanche 17 mai, sur une partie de notre trac\u00e9. Une erreur d&#8217;agenda c\u00f4t\u00e9 administratif \u2013 [&hellip;]<\/p>\n","protected":false},"author":1,"featured_media":0,"parent":0,"menu_order":0,"comment_status":"closed","ping_status":"closed","template":"","meta":{"saved_in_kubio":true,"footnotes":""},"class_list":["post-319","page","type-page","status-publish","hentry"],"kubio_ai_page_context":{"short_desc":"","purpose":"general"},"_links":{"self":[{"href":"https:\/\/www.lesfouleesducndp.be\/index.php\/wp-json\/wp\/v2\/pages\/319","targetHints":{"allow":["GET"]}}],"collection":[{"href":"https:\/\/www.lesfouleesducndp.be\/index.php\/wp-json\/wp\/v2\/pages"}],"about":[{"href":"https:\/\/www.lesfouleesducndp.be\/index.php\/wp-json\/wp\/v2\/types\/page"}],"author":[{"embeddable":true,"href":"https:\/\/www.lesfouleesducndp.be\/index.php\/wp-json\/wp\/v2\/users\/1"}],"replies":[{"embeddable":true,"href":"https:\/\/www.lesfouleesducndp.be\/index.php\/wp-json\/wp\/v2\/comments?post=319"}],"version-history":[{"count":6,"href":"https:\/\/www.lesfouleesducndp.be\/index.php\/wp-json\/wp\/v2\/pages\/319\/revisions"}],"predecessor-version":[{"id":585,"href":"https:\/\/www.lesfouleesducndp.be\/index.php\/wp-json\/wp\/v2\/pages\/319\/revisions\/585"}],"wp:attachment":[{"href":"https:\/\/www.lesfouleesducndp.be\/index.php\/wp-json\/wp\/v2\/media?parent=319"}],"curies":[{"name":"wp","href":"https:\/\/api.w.org\/{rel}","templated":true}]}}